{"id":1599,"date":"2018-06-25T08:21:53","date_gmt":"2018-06-25T06:21:53","guid":{"rendered":"http:\/\/www.hno-luxenberger.at\/facharzt\/?page_id=1599"},"modified":"2018-06-25T08:21:53","modified_gmt":"2018-06-25T06:21:53","slug":"datenschutz","status":"publish","type":"page","link":"https:\/\/www.hno-luxenberger.at\/facharzt\/datenschutz\/","title":{"rendered":"Datenschutz"},"content":{"rendered":"<section  class='av_textblock_section av-av_textblock-35972167d9f102c5ddaec0c531c98b9e '   itemscope=\"itemscope\" itemtype=\"https:\/\/schema.org\/CreativeWork\" ><div class='avia_textblock'  itemprop=\"text\" ><h3>Erkl\u00e4rung zur Informationspflicht<\/h3>\n<h4>(Datenschutzerkl\u00e4rung)<\/h4>\n<p>Der Schutz Ihrer pers\u00f6nlichen Daten ist uns ein besonderes Anliegen. Wir verarbeiten Ihre Daten daher ausschlie\u00dflich auf Grundlage der gesetzlichen Bestimmungen (DSGVO, TKG 2003). In diesen Datenschutzinformationen informieren wir Sie \u00fcber die wichtigsten Aspekte der Datenverarbeitung im Rahmen unserer Website.<\/p>\n<h4>Cookies<\/h4>\n<p>Unsere Website verwendet so genannte Cookies. Dabei handelt es sich um kleine Textdateien, die mit Hilfe des Browsers auf Ihrem Endger\u00e4t abgelegt werden. Sie richten keinen Schaden an.<\/p>\n<p>Wir nutzen Cookies dazu, unser Angebot nutzerfreundlich zu gestalten. Einige Cookies bleiben auf Ihrem Endger\u00e4t gespeichert, bis Sie diese l\u00f6schen. Sie erm\u00f6glichen es uns, Ihren Browser beim n\u00e4chsten Besuch wiederzuerkennen.<\/p>\n<p>Wenn Sie dies nicht w\u00fcnschen, so k\u00f6nnen Sie Ihren Browser so einrichten, dass er Sie \u00fcber das Setzen von Cookies informiert und Sie dies nur im Einzelfall erlauben.<\/p>\n<p>Bei der Deaktivierung von Cookies kann die Funktionalit\u00e4t unserer Website eingeschr\u00e4nkt sein.<\/p>\n<h4>Web-Analyse<\/h4>\n<p>Unsere Website verwendet Funktionen des Webanalysedienstes <em>Google Analytics (<\/em><em>Google Inc. 1600 Amphitheatre Parkway Mountain View, CA 94043).<\/em> Dazu werden Cookies verwendet, die eine Analyse der Benutzung der Website durch Ihre Benutzer erm\u00f6glicht. Die dadurch erzeugten Informationen werden auf den Server des Anbieters \u00fcbertragen und dort gespeichert.<\/p>\n<p>Sie k\u00f6nnen dies verhindern, indem Sie Ihren Browser so einrichten, dass keine Cookies gespeichert werden.<\/p>\n<p>Wir haben mit dem Anbieter einen entsprechenden Vertrag zur Auftragsdatenverarbeitung abgeschlossen.<\/p>\n<p>Ihre IP-Adresse wird erfasst, aber umgehend pseudonymisiert. Dadurch ist nur mehr eine grobe Lokalisierung m\u00f6glich.<\/p>\n<p>Die Beziehung zum Webanalyseanbieter basiert auf dem Privacy Shield-Abkommen zwischen der EU und den USA.<\/p>\n<p>Die Datenverarbeitung erfolgt auf Basis der gesetzlichen Bestimmungen des \u00a7 96 Abs 3 TKG sowie des Art 6 Abs 1 lit a (Einwilligung) und\/oder f (berechtigtes Interesse) der DSGVO.<\/p>\n<p>Unser Anliegen im Sinne der DSGVO (berechtigtes Interesse) ist die Verbesserung unseres Angebotes und unseres Webauftritts. Da uns die Privatsph\u00e4re unserer Nutzer wichtig ist, werden die Nutzerdaten.<\/p>\n<p>Die Nutzerdaten werden f\u00fcr die Dauer von 14 Monaten aufbewahrt.<em>\u00a0<\/em><\/p>\n<h4>Ihre Rechte<\/h4>\n<p>Ihnen stehen grunds\u00e4tzlich die Rechte auf Auskunft, Berichtigung, L\u00f6schung, Einschr\u00e4nkung, Daten\u00fcbertragbarkeit, Widerruf und Widerspruch zu. Wenn Sie glauben, dass die Verarbeitung Ihrer Daten gegen das Datenschutzrecht verst\u00f6\u00dft oder Ihre datenschutzrechtlichen Anspr\u00fcche sonst in einer Weise verletzt worden sind, k\u00f6nnen Sie sich bei der Aufsichtsbeh\u00f6rde beschweren. In \u00d6sterreich ist dies die Datenschutzbeh\u00f6rde.<\/p>\n<h4>Sie erreichen uns unter folgenden Kontaktdaten:<\/h4>\n<p><em>Dr. Wolfgang Luxenberger | <span id=\"Module1_ctl01_upC\" class=\"content\">8130 Frohnleiten<\/span>, <span id=\"Module1_ctl01_upC\" class=\"content\">Parkweg 6<\/span> | +<span id=\"Module1_ctl01_upC\" class=\"content\">43 3126 \/ 4411<\/span><\/em><\/p>\n<\/div><\/section>\n<section  class='av_textblock_section av-av_textblock-0366cc7376be6c9e82a3e9cc8987b64f '   itemscope=\"itemscope\" itemtype=\"https:\/\/schema.org\/CreativeWork\" ><div class='avia_textblock'  itemprop=\"text\" ><\/div><\/section>\n","protected":false},"excerpt":{"rendered":"","protected":false},"author":1,"featured_media":0,"parent":0,"menu_order":0,"comment_status":"closed","ping_status":"closed","template":"","meta":{"footnotes":""},"yoast_head":"<!-- This site is optimized with the Yoast SEO plugin v24.5 - https:\/\/yoast.com\/wordpress\/plugins\/seo\/ -->\n<title>Datenschutz - HNO Arzt Doz. Dr. Wolfgang Luxenberger<\/title>\n<meta name=\"robots\" content=\"index, follow, max-snippet:-1, max-image-preview:large, max-video-preview:-1\" \/>\n<link rel=\"canonical\" href=\"https:\/\/www.hno-luxenberger.at\/facharzt\/datenschutz\/\" \/>\n<meta property=\"og:locale\" content=\"de_DE\" \/>\n<meta property=\"og:type\" content=\"article\" \/>\n<meta property=\"og:title\" content=\"Datenschutz - HNO Arzt Doz. Dr. Wolfgang Luxenberger\" \/>\n<meta property=\"og:url\" content=\"https:\/\/www.hno-luxenberger.at\/facharzt\/datenschutz\/\" \/>\n<meta property=\"og:site_name\" content=\"HNO Arzt Doz. Dr. Wolfgang Luxenberger\" \/>\n<meta name=\"twitter:card\" content=\"summary_large_image\" \/>\n<meta name=\"twitter:label1\" content=\"Gesch\u00e4tzte Lesezeit\" \/>\n\t<meta name=\"twitter:data1\" content=\"2\u00a0Minuten\" \/>\n<script type=\"application\/ld+json\" class=\"yoast-schema-graph\">{\"@context\":\"https:\/\/schema.org\",\"@graph\":[{\"@type\":\"WebPage\",\"@id\":\"https:\/\/www.hno-luxenberger.at\/facharzt\/datenschutz\/\",\"url\":\"https:\/\/www.hno-luxenberger.at\/facharzt\/datenschutz\/\",\"name\":\"Datenschutz - HNO Arzt Doz. Dr. Wolfgang Luxenberger\",\"isPartOf\":{\"@id\":\"https:\/\/www.hno-luxenberger.at\/facharzt\/#website\"},\"datePublished\":\"2018-06-25T06:21:53+00:00\",\"breadcrumb\":{\"@id\":\"https:\/\/www.hno-luxenberger.at\/facharzt\/datenschutz\/#breadcrumb\"},\"inLanguage\":\"de\",\"potentialAction\":[{\"@type\":\"ReadAction\",\"target\":[\"https:\/\/www.hno-luxenberger.at\/facharzt\/datenschutz\/\"]}]},{\"@type\":\"BreadcrumbList\",\"@id\":\"https:\/\/www.hno-luxenberger.at\/facharzt\/datenschutz\/#breadcrumb\",\"itemListElement\":[{\"@type\":\"ListItem\",\"position\":1,\"name\":\"Startseite\",\"item\":\"https:\/\/www.hno-luxenberger.at\/facharzt\/\"},{\"@type\":\"ListItem\",\"position\":2,\"name\":\"Datenschutz\"}]},{\"@type\":\"WebSite\",\"@id\":\"https:\/\/www.hno-luxenberger.at\/facharzt\/#website\",\"url\":\"https:\/\/www.hno-luxenberger.at\/facharzt\/\",\"name\":\"HNO Arzt Doz. Dr. Wolfgang Luxenberger\",\"description\":\"ihr HNO Facharzt in Frohnleiten (n\u00e4he Graz). Privat und alle Kassen\",\"potentialAction\":[{\"@type\":\"SearchAction\",\"target\":{\"@type\":\"EntryPoint\",\"urlTemplate\":\"https:\/\/www.hno-luxenberger.at\/facharzt\/?s={search_term_string}\"},\"query-input\":{\"@type\":\"PropertyValueSpecification\",\"valueRequired\":true,\"valueName\":\"search_term_string\"}}],\"inLanguage\":\"de\"}]}<\/script>\n<!-- \/ Yoast SEO plugin. -->","yoast_head_json":{"title":"Datenschutz - HNO Arzt Doz. Dr. Wolfgang Luxenberger","robots":{"index":"index","follow":"follow","max-snippet":"max-snippet:-1","max-image-preview":"max-image-preview:large","max-video-preview":"max-video-preview:-1"},"canonical":"https:\/\/www.hno-luxenberger.at\/facharzt\/datenschutz\/","og_locale":"de_DE","og_type":"article","og_title":"Datenschutz - HNO Arzt Doz. Dr. Wolfgang Luxenberger","og_url":"https:\/\/www.hno-luxenberger.at\/facharzt\/datenschutz\/","og_site_name":"HNO Arzt Doz. Dr. Wolfgang Luxenberger","twitter_card":"summary_large_image","twitter_misc":{"Gesch\u00e4tzte Lesezeit":"2\u00a0Minuten"},"schema":{"@context":"https:\/\/schema.org","@graph":[{"@type":"WebPage","@id":"https:\/\/www.hno-luxenberger.at\/facharzt\/datenschutz\/","url":"https:\/\/www.hno-luxenberger.at\/facharzt\/datenschutz\/","name":"Datenschutz - HNO Arzt Doz. Dr. Wolfgang Luxenberger","isPartOf":{"@id":"https:\/\/www.hno-luxenberger.at\/facharzt\/#website"},"datePublished":"2018-06-25T06:21:53+00:00","breadcrumb":{"@id":"https:\/\/www.hno-luxenberger.at\/facharzt\/datenschutz\/#breadcrumb"},"inLanguage":"de","potentialAction":[{"@type":"ReadAction","target":["https:\/\/www.hno-luxenberger.at\/facharzt\/datenschutz\/"]}]},{"@type":"BreadcrumbList","@id":"https:\/\/www.hno-luxenberger.at\/facharzt\/datenschutz\/#breadcrumb","itemListElement":[{"@type":"ListItem","position":1,"name":"Startseite","item":"https:\/\/www.hno-luxenberger.at\/facharzt\/"},{"@type":"ListItem","position":2,"name":"Datenschutz"}]},{"@type":"WebSite","@id":"https:\/\/www.hno-luxenberger.at\/facharzt\/#website","url":"https:\/\/www.hno-luxenberger.at\/facharzt\/","name":"HNO Arzt Doz. Dr. Wolfgang Luxenberger","description":"ihr HNO Facharzt in Frohnleiten (n\u00e4he Graz). Privat und alle Kassen","potentialAction":[{"@type":"SearchAction","target":{"@type":"EntryPoint","urlTemplate":"https:\/\/www.hno-luxenberger.at\/facharzt\/?s={search_term_string}"},"query-input":{"@type":"PropertyValueSpecification","valueRequired":true,"valueName":"search_term_string"}}],"inLanguage":"de"}]}},"publishpress_future_action":{"enabled":false,"date":"2026-04-20 11:09:08","action":"change-status","newStatus":"draft","terms":[],"taxonomy":""},"publishpress_future_workflow_manual_trigger":{"enabledWorkflows":[]},"_links":{"self":[{"href":"https:\/\/www.hno-luxenberger.at\/facharzt\/wp-json\/wp\/v2\/pages\/1599"}],"collection":[{"href":"https:\/\/www.hno-luxenberger.at\/facharzt\/wp-json\/wp\/v2\/pages"}],"about":[{"href":"https:\/\/www.hno-luxenberger.at\/facharzt\/wp-json\/wp\/v2\/types\/page"}],"author":[{"embeddable":true,"href":"https:\/\/www.hno-luxenberger.at\/facharzt\/wp-json\/wp\/v2\/users\/1"}],"replies":[{"embeddable":true,"href":"https:\/\/www.hno-luxenberger.at\/facharzt\/wp-json\/wp\/v2\/comments?post=1599"}],"version-history":[{"count":2,"href":"https:\/\/www.hno-luxenberger.at\/facharzt\/wp-json\/wp\/v2\/pages\/1599\/revisions"}],"predecessor-version":[{"id":1651,"href":"https:\/\/www.hno-luxenberger.at\/facharzt\/wp-json\/wp\/v2\/pages\/1599\/revisions\/1651"}],"wp:attachment":[{"href":"https:\/\/www.hno-luxenberger.at\/facharzt\/wp-json\/wp\/v2\/media?parent=1599"}],"curies":[{"name":"wp","href":"https:\/\/api.w.org\/{rel}","templated":true}]}}