{"id":1677,"date":"2019-12-18T16:19:48","date_gmt":"2019-12-18T15:19:48","guid":{"rendered":"https:\/\/www.hno-luxenberger.at\/facharzt\/?page_id=1677"},"modified":"2023-03-09T18:07:47","modified_gmt":"2023-03-09T17:07:47","slug":"termin","status":"publish","type":"page","link":"https:\/\/www.hno-luxenberger.at\/facharzt\/termin\/","title":{"rendered":"Termin"},"content":{"rendered":"\n<style type=\"text\/css\" data-created_by=\"avia_inline_auto\" id=\"style-css-av-ler4eg34-2c47e38f29970e80077b5b1416b12d4c\">\n#top .avia-section.av-ler4eg34-2c47e38f29970e80077b5b1416b12d4c .scroll-down-link{\ncolor:#e7792b;\n}\n<\/style>\n<div id='av_section_1'  class='avia-section av-ler4eg34-2c47e38f29970e80077b5b1416b12d4c main_color avia-section-default avia-no-border-styling  avia-builder-el-0  el_before_av_one_half  avia-builder-el-first  avia-bg-style-scroll container_wrap sidebar_right'  ><div class=\"av-section-color-overlay-wrap\"><a href='#next-section' title='' class='scroll-down-link av-custom-scroll-down-color' aria-hidden='true' data-av_icon='\ue877' data-av_iconfont='entypo-fontello'><\/a><div class='container av-section-cont-open' ><main  role=\"main\" itemprop=\"mainContentOfPage\"  class='template-page content  av-content-small alpha units'><div class='post-entry post-entry-type-page post-entry-1677'><div class='entry-content-wrapper clearfix'>\n\n<style type=\"text\/css\" data-created_by=\"avia_inline_auto\" id=\"style-css-av-lerdpah2-c36e665a37f410157637defb7f9d303c\">\n#top .av-special-heading.av-lerdpah2-c36e665a37f410157637defb7f9d303c{\npadding-bottom:10px;\n}\nbody .av-special-heading.av-lerdpah2-c36e665a37f410157637defb7f9d303c .av-special-heading-tag .heading-char{\nfont-size:25px;\n}\n.av-special-heading.av-lerdpah2-c36e665a37f410157637defb7f9d303c .av-subheading{\nfont-size:15px;\n}\n<\/style>\n<div  class='av-special-heading av-lerdpah2-c36e665a37f410157637defb7f9d303c av-special-heading-h1 blockquote modern-quote modern-centered  avia-builder-el-1  avia-builder-el-no-sibling '><h1 class='av-special-heading-tag'  itemprop=\"headline\"  >Termin<\/h1><div class='av-subheading av-subheading_below'><p>Doz. Dr. Wolfgang Luxenberger<\/p>\n<\/div><div class=\"special-heading-border\"><div class=\"special-heading-inner-border\"><\/div><\/div><\/div>\n<\/div><\/div><\/main><!-- close content main element --><\/div><\/div><\/div><div id='after_section_1'  class='main_color av_default_container_wrap container_wrap sidebar_right'  ><div class='container av-section-cont-open' ><div class='template-page content  av-content-small alpha units'><div class='post-entry post-entry-type-page post-entry-1677'><div class='entry-content-wrapper clearfix'>\n<div class='flex_column_table av-ler3r60o-feff3d7a3b910f9fdc81987b7e6a4020 sc-av_one_half av-equal-height-column-flextable'>\n<style type=\"text\/css\" data-created_by=\"avia_inline_auto\" id=\"style-css-av-ler3r60o-feff3d7a3b910f9fdc81987b7e6a4020\">\n#top .flex_column_table.av-equal-height-column-flextable.av-ler3r60o-feff3d7a3b910f9fdc81987b7e6a4020{\nmargin-top:5%;\nmargin-bottom:3%;\n}\n.flex_column.av-ler3r60o-feff3d7a3b910f9fdc81987b7e6a4020{\nborder-width:5px;\nborder-color:#e7792b;\nborder-style:solid;\nborder-radius:50px 50px 50px 50px;\npadding:5% 5% 5% 5%;\nbackground-color:#efefef;\n}\n<\/style>\n<div  class='flex_column av-ler3r60o-feff3d7a3b910f9fdc81987b7e6a4020 av_one_half  avia-builder-el-2  el_after_av_section  el_before_av_one_half  avia-builder-el-first  first flex_column_table_cell av-equal-height-column av-align-middle avia-link-column av-column-link avia-link-column-hover  '    data-link-column-url=\"https:\/\/shop.timesloth.io\/de\/a\/hno-luxenberger\"   ><a class=\"av-screen-reader-only\" href=https:\/\/shop.timesloth.io\/de\/a\/hno-luxenberger >Folge einem manuell hinzugef\u00fcgten Link<\/a><style type=\"text\/css\" data-created_by=\"avia_inline_auto\" id=\"style-css-av-lemp1dfv-f5a7499e3845c96efbd671c55fa539ba\">\n.av_font_icon.av-lemp1dfv-f5a7499e3845c96efbd671c55fa539ba{\ncolor:#2d5c88;\nborder-color:#2d5c88;\n}\n.av_font_icon.av-lemp1dfv-f5a7499e3845c96efbd671c55fa539ba .av-icon-char{\nfont-size:60px;\nline-height:60px;\nwidth:60px;\n}\n<\/style>\n<span  class='av_font_icon av-lemp1dfv-f5a7499e3845c96efbd671c55fa539ba avia_animate_when_visible av-icon-style-border avia-icon-pos-center avia-icon-animate'><a href='https:\/\/shop.timesloth.io\/de\/a\/hno-luxenberger' target=\"_blank\" rel=\"noopener noreferrer\" class='av-icon-char' aria-hidden='true' data-av_icon='\ue8a7' data-av_iconfont='entypo-fontello'><\/a><span class='av_icon_caption av-special-font'>Online buchen<\/span><\/span><\/div>\n<div class='av-flex-placeholder'><\/div>\n<style type=\"text\/css\" data-created_by=\"avia_inline_auto\" id=\"style-css-av-ler3r60o-d3d74c04c127032e11e7638754f0787d\">\n#top .flex_column_table.av-equal-height-column-flextable.av-ler3r60o-d3d74c04c127032e11e7638754f0787d{\nmargin-top:5%;\nmargin-bottom:3%;\n}\n.flex_column.av-ler3r60o-d3d74c04c127032e11e7638754f0787d{\nborder-width:5px;\nborder-color:#e7792b;\nborder-style:solid;\nborder-radius:50px 50px 50px 50px;\npadding:5% 5% 5% 5%;\nbackground-color:#efefef;\n}\n<\/style>\n<div  class='flex_column av-ler3r60o-d3d74c04c127032e11e7638754f0787d av_one_half  avia-builder-el-4  el_after_av_one_half  el_before_av_section  avia-builder-el-last  flex_column_table_cell av-equal-height-column av-align-middle  '     ><style type=\"text\/css\" data-created_by=\"avia_inline_auto\" id=\"style-css-av-lemp1dfv-d38cf9087a329602928695450e28c465\">\n.av_font_icon.av-lemp1dfv-d38cf9087a329602928695450e28c465{\ncolor:#2d5c88;\nborder-color:#2d5c88;\n}\n.av_font_icon.av-lemp1dfv-d38cf9087a329602928695450e28c465 .av-icon-char{\nfont-size:60px;\nline-height:60px;\nwidth:60px;\n}\n<\/style>\n<span  class='av_font_icon av-lemp1dfv-d38cf9087a329602928695450e28c465 avia_animate_when_visible av-icon-style-border avia-icon-pos-center avia-icon-animate'><span class='av-icon-char' aria-hidden='true' data-av_icon='\ue854' data-av_iconfont='entypo-fontello' ><\/span><span class='av_icon_caption av-special-font'>+43 3126 4411<\/span><\/span><\/div><\/div><!--close column table wrapper. Autoclose: 1 -->\n<\/div><\/div><\/div><!-- close content main div --><\/div><\/div><div id='av_section_2'  class='avia-section av-2wx1jc-11fe50ec297bb1d2156481604b7a86ff main_color avia-section-small avia-shadow  avia-builder-el-6  el_after_av_one_half  avia-builder-el-last  avia-bg-style-scroll container_wrap sidebar_right'  ><div class='container av-section-cont-open' ><div class='template-page content  av-content-small alpha units'><div class='post-entry post-entry-type-page post-entry-1677'><div class='entry-content-wrapper clearfix'>\n\n<style type=\"text\/css\" data-created_by=\"avia_inline_auto\" id=\"style-css-av-34o3t9-520add3661407277e75e60068ce9c619\">\n#top .av-special-heading.av-34o3t9-520add3661407277e75e60068ce9c619{\npadding-bottom:10px;\n}\nbody .av-special-heading.av-34o3t9-520add3661407277e75e60068ce9c619 .av-special-heading-tag .heading-char{\nfont-size:25px;\n}\n.av-special-heading.av-34o3t9-520add3661407277e75e60068ce9c619 .av-subheading{\nfont-size:20px;\n}\n<\/style>\n<div  class='av-special-heading av-34o3t9-520add3661407277e75e60068ce9c619 av-special-heading-h3 blockquote modern-quote modern-centered  avia-builder-el-7  el_before_av_iconlist  avia-builder-el-first '><h3 class='av-special-heading-tag'  itemprop=\"headline\"  >Informationen<\/h3><div class='av-subheading av-subheading_below'><p>zum Termin<\/p>\n<\/div><div class=\"special-heading-border\"><div class=\"special-heading-inner-border\"><\/div><\/div><\/div>\n\n<style type=\"text\/css\" data-created_by=\"avia_inline_auto\" id=\"style-css-av-kfm4rw7e-a2c77ca8ace252d9596fe24a135ab3d5\">\n#top #wrap_all .avia-icon-list-container.av-kfm4rw7e-a2c77ca8ace252d9596fe24a135ab3d5 .av_iconlist_title{\ncolor:#7f7f7f;\n}\n<\/style>\n<div  class='avia-icon-list-container av-kfm4rw7e-a2c77ca8ace252d9596fe24a135ab3d5  avia-builder-el-8  el_after_av_heading  avia-builder-el-last '><ul class='avia-icon-list avia_animate_when_almost_visible avia-icon-list-left av-iconlist-big av-kfm4rw7e-a2c77ca8ace252d9596fe24a135ab3d5 avia-iconlist-animate'>\n<li><div class='iconlist_icon av-37dmmw-0a09bffafbdf1bf32725071410aa8e0e avia-font-entypo-fontello'><span class='iconlist-char' aria-hidden='true' data-av_icon='\ue862' data-av_iconfont='entypo-fontello'><\/span><\/div><article class=\"article-icon-entry \"  itemscope=\"itemscope\" itemtype=\"https:\/\/schema.org\/CreativeWork\" ><div class=\"iconlist_content_wrap\"><header class=\"entry-content-header\"><\/header><div class='iconlist_content '  itemprop=\"text\" ><p>bitte kommen Sie p\u00fcnktlich (auch nicht zu fr\u00fch!) zum Termin. Wenn Sie diesen nicht einhalten k\u00f6nnen, sagen Sie ihn bitte ab. Wir sind bem\u00fcht einen zeitnahen Ersatztermin zu finden.<\/p>\n<\/div><\/div><footer class=\"entry-footer\"><\/footer><\/article><div class=\"iconlist-timeline\"><\/div><\/li>\n<li><div class='iconlist_icon av-6ve2lk-2126ec97f0dcda1ce78988f47c01d1f7 avia-font-entypo-fontello'><span class='iconlist-char' aria-hidden='true' data-av_icon='\ue863' data-av_iconfont='entypo-fontello'><\/span><\/div><article class=\"article-icon-entry \"  itemscope=\"itemscope\" itemtype=\"https:\/\/schema.org\/CreativeWork\" ><div class=\"iconlist_content_wrap\"><header class=\"entry-content-header\"><\/header><div class='iconlist_content '  itemprop=\"text\" ><p>bitte haben Sie auch Verst\u00e4ndnis, dass wir versuchen, Ihren Aufenthalt im Untersuchungszimmer so kurz wie m\u00f6glich zu halten<\/p>\n<\/div><\/div><footer class=\"entry-footer\"><\/footer><\/article><div class=\"iconlist-timeline\"><\/div><\/li>\n<li><div class='iconlist_icon av-jezco-a9aae25abaddf521ec5303310b34a1b0 avia-font-entypo-fontello'><span class='iconlist-char' aria-hidden='true' data-av_icon='\ue892' data-av_iconfont='entypo-fontello'><\/span><\/div><article class=\"article-icon-entry \"  itemscope=\"itemscope\" itemtype=\"https:\/\/schema.org\/CreativeWork\" ><div class=\"iconlist_content_wrap\"><header class=\"entry-content-header\"><\/header><div class='iconlist_content '  itemprop=\"text\" ><p>Patienten mit akuten Beschwerden werden am Ende der regul\u00e4ren Ordinationszeiten terminisiert. Bitte haben Sie Verst\u00e4ndnis, dass in solchen F\u00e4llen nur die akuten Beschwerden abgekl\u00e4rt\/behandelt werden.<\/p>\n<\/div><\/div><footer class=\"entry-footer\"><\/footer><\/article><div class=\"iconlist-timeline\"><\/div><\/li>\n<li><div class='iconlist_icon av-4d5efs-509ac39394c8f1495fbc4778017abf07 avia-font-entypo-fontello'><span class='iconlist-char' aria-hidden='true' data-av_icon='\ue80c' data-av_iconfont='entypo-fontello'><\/span><\/div><article class=\"article-icon-entry \"  itemscope=\"itemscope\" itemtype=\"https:\/\/schema.org\/CreativeWork\" ><div class=\"iconlist_content_wrap\"><header class=\"entry-content-header\"><\/header><div class='iconlist_content '  itemprop=\"text\" ><p>bitte bringen Sie nur max. 1 Begleitperson mit<\/p>\n<\/div><\/div><footer class=\"entry-footer\"><\/footer><\/article><div class=\"iconlist-timeline\"><\/div><\/li>\n<li><div class='iconlist_icon av-1xd1ag-4c041a718bbeed7fb2e63be663c15bb3 avia-font-entypo-fontello'><span class='iconlist-char' aria-hidden='true' data-av_icon='\ue840' data-av_iconfont='entypo-fontello'><\/span><\/div><article class=\"article-icon-entry \"  itemscope=\"itemscope\" itemtype=\"https:\/\/schema.org\/CreativeWork\" ><div class=\"iconlist_content_wrap\"><header class=\"entry-content-header\"><\/header><div class='iconlist_content '  itemprop=\"text\" ><p>Rezeptabwicklungen und Befundabfragen (MR-Befund, Abstrich etc) k\u00f6nnen nach wie vor telefonisch erfolgen<\/p>\n<\/div><\/div><footer class=\"entry-footer\"><\/footer><\/article><div class=\"iconlist-timeline\"><\/div><\/li>\n<\/ul><\/div>\n<\/div><\/div><\/div><!-- close content main div --><\/div><\/div><div id='after_section_2'  class='main_color av_default_container_wrap container_wrap sidebar_right'  ><div class='container av-section-cont-open' ><div class='template-page content  av-content-small alpha units'><div class='post-entry post-entry-type-page post-entry-1677'><div class='entry-content-wrapper clearfix'>\n","protected":false},"excerpt":{"rendered":"","protected":false},"author":1,"featured_media":0,"parent":0,"menu_order":0,"comment_status":"closed","ping_status":"closed","template":"","meta":{"footnotes":""},"yoast_head":"<!-- This site is optimized with the Yoast SEO plugin v24.5 - https:\/\/yoast.com\/wordpress\/plugins\/seo\/ -->\n<title>Termin - HNO Arzt Doz. Dr. Wolfgang Luxenberger<\/title>\n<meta name=\"description\" content=\"HNO Arzt Frohnleiten Doz. Dr. Wolfgang Luxenberger Tel. +43 3126 \/ 4411, 8130 Frohnleiten - Parkweg 6, (N\u00e4he Graz). Privat und alle Kassen\" \/>\n<meta name=\"robots\" content=\"index, follow, max-snippet:-1, max-image-preview:large, max-video-preview:-1\" \/>\n<link rel=\"canonical\" href=\"https:\/\/www.hno-luxenberger.at\/facharzt\/termin\/\" \/>\n<meta property=\"og:locale\" content=\"de_DE\" \/>\n<meta property=\"og:type\" content=\"article\" \/>\n<meta property=\"og:title\" content=\"Termin - HNO Arzt Doz. Dr. Wolfgang Luxenberger\" \/>\n<meta property=\"og:description\" content=\"HNO Arzt Frohnleiten Doz. Dr. Wolfgang Luxenberger Tel. +43 3126 \/ 4411, 8130 Frohnleiten - Parkweg 6, (N\u00e4he Graz). Privat und alle Kassen\" \/>\n<meta property=\"og:url\" content=\"https:\/\/www.hno-luxenberger.at\/facharzt\/termin\/\" \/>\n<meta property=\"og:site_name\" content=\"HNO Arzt Doz. Dr. Wolfgang Luxenberger\" \/>\n<meta property=\"article:modified_time\" content=\"2023-03-09T17:07:47+00:00\" \/>\n<meta name=\"twitter:card\" content=\"summary_large_image\" \/>\n<meta name=\"twitter:label1\" content=\"Gesch\u00e4tzte Lesezeit\" \/>\n\t<meta name=\"twitter:data1\" content=\"3\u00a0Minuten\" \/>\n<script type=\"application\/ld+json\" class=\"yoast-schema-graph\">{\"@context\":\"https:\/\/schema.org\",\"@graph\":[{\"@type\":\"WebPage\",\"@id\":\"https:\/\/www.hno-luxenberger.at\/facharzt\/termin\/\",\"url\":\"https:\/\/www.hno-luxenberger.at\/facharzt\/termin\/\",\"name\":\"Termin - HNO Arzt Doz. Dr. Wolfgang Luxenberger\",\"isPartOf\":{\"@id\":\"https:\/\/www.hno-luxenberger.at\/facharzt\/#website\"},\"datePublished\":\"2019-12-18T15:19:48+00:00\",\"dateModified\":\"2023-03-09T17:07:47+00:00\",\"description\":\"HNO Arzt Frohnleiten Doz. Dr. Wolfgang Luxenberger Tel. +43 3126 \/ 4411, 8130 Frohnleiten - Parkweg 6, (N\u00e4he Graz). Privat und alle Kassen\",\"breadcrumb\":{\"@id\":\"https:\/\/www.hno-luxenberger.at\/facharzt\/termin\/#breadcrumb\"},\"inLanguage\":\"de\",\"potentialAction\":[{\"@type\":\"ReadAction\",\"target\":[\"https:\/\/www.hno-luxenberger.at\/facharzt\/termin\/\"]}]},{\"@type\":\"BreadcrumbList\",\"@id\":\"https:\/\/www.hno-luxenberger.at\/facharzt\/termin\/#breadcrumb\",\"itemListElement\":[{\"@type\":\"ListItem\",\"position\":1,\"name\":\"Startseite\",\"item\":\"https:\/\/www.hno-luxenberger.at\/facharzt\/\"},{\"@type\":\"ListItem\",\"position\":2,\"name\":\"Termin\"}]},{\"@type\":\"WebSite\",\"@id\":\"https:\/\/www.hno-luxenberger.at\/facharzt\/#website\",\"url\":\"https:\/\/www.hno-luxenberger.at\/facharzt\/\",\"name\":\"HNO Arzt Doz. Dr. Wolfgang Luxenberger\",\"description\":\"ihr HNO Facharzt in Frohnleiten (n\u00e4he Graz). Privat und alle Kassen\",\"potentialAction\":[{\"@type\":\"SearchAction\",\"target\":{\"@type\":\"EntryPoint\",\"urlTemplate\":\"https:\/\/www.hno-luxenberger.at\/facharzt\/?s={search_term_string}\"},\"query-input\":{\"@type\":\"PropertyValueSpecification\",\"valueRequired\":true,\"valueName\":\"search_term_string\"}}],\"inLanguage\":\"de\"}]}<\/script>\n<!-- \/ Yoast SEO plugin. -->","yoast_head_json":{"title":"Termin - HNO Arzt Doz. Dr. Wolfgang Luxenberger","description":"HNO Arzt Frohnleiten Doz. Dr. Wolfgang Luxenberger Tel. +43 3126 \/ 4411, 8130 Frohnleiten - Parkweg 6, (N\u00e4he Graz). Privat und alle Kassen","robots":{"index":"index","follow":"follow","max-snippet":"max-snippet:-1","max-image-preview":"max-image-preview:large","max-video-preview":"max-video-preview:-1"},"canonical":"https:\/\/www.hno-luxenberger.at\/facharzt\/termin\/","og_locale":"de_DE","og_type":"article","og_title":"Termin - HNO Arzt Doz. Dr. Wolfgang Luxenberger","og_description":"HNO Arzt Frohnleiten Doz. Dr. Wolfgang Luxenberger Tel. +43 3126 \/ 4411, 8130 Frohnleiten - Parkweg 6, (N\u00e4he Graz). Privat und alle Kassen","og_url":"https:\/\/www.hno-luxenberger.at\/facharzt\/termin\/","og_site_name":"HNO Arzt Doz. Dr. Wolfgang Luxenberger","article_modified_time":"2023-03-09T17:07:47+00:00","twitter_card":"summary_large_image","twitter_misc":{"Gesch\u00e4tzte Lesezeit":"3\u00a0Minuten"},"schema":{"@context":"https:\/\/schema.org","@graph":[{"@type":"WebPage","@id":"https:\/\/www.hno-luxenberger.at\/facharzt\/termin\/","url":"https:\/\/www.hno-luxenberger.at\/facharzt\/termin\/","name":"Termin - HNO Arzt Doz. Dr. Wolfgang Luxenberger","isPartOf":{"@id":"https:\/\/www.hno-luxenberger.at\/facharzt\/#website"},"datePublished":"2019-12-18T15:19:48+00:00","dateModified":"2023-03-09T17:07:47+00:00","description":"HNO Arzt Frohnleiten Doz. Dr. Wolfgang Luxenberger Tel. +43 3126 \/ 4411, 8130 Frohnleiten - Parkweg 6, (N\u00e4he Graz). Privat und alle Kassen","breadcrumb":{"@id":"https:\/\/www.hno-luxenberger.at\/facharzt\/termin\/#breadcrumb"},"inLanguage":"de","potentialAction":[{"@type":"ReadAction","target":["https:\/\/www.hno-luxenberger.at\/facharzt\/termin\/"]}]},{"@type":"BreadcrumbList","@id":"https:\/\/www.hno-luxenberger.at\/facharzt\/termin\/#breadcrumb","itemListElement":[{"@type":"ListItem","position":1,"name":"Startseite","item":"https:\/\/www.hno-luxenberger.at\/facharzt\/"},{"@type":"ListItem","position":2,"name":"Termin"}]},{"@type":"WebSite","@id":"https:\/\/www.hno-luxenberger.at\/facharzt\/#website","url":"https:\/\/www.hno-luxenberger.at\/facharzt\/","name":"HNO Arzt Doz. Dr. Wolfgang Luxenberger","description":"ihr HNO Facharzt in Frohnleiten (n\u00e4he Graz). Privat und alle Kassen","potentialAction":[{"@type":"SearchAction","target":{"@type":"EntryPoint","urlTemplate":"https:\/\/www.hno-luxenberger.at\/facharzt\/?s={search_term_string}"},"query-input":{"@type":"PropertyValueSpecification","valueRequired":true,"valueName":"search_term_string"}}],"inLanguage":"de"}]}},"publishpress_future_action":{"enabled":false,"date":"2026-04-27 16:59:05","action":"change-status","newStatus":"draft","terms":[],"taxonomy":""},"publishpress_future_workflow_manual_trigger":{"enabledWorkflows":[]},"_links":{"self":[{"href":"https:\/\/www.hno-luxenberger.at\/facharzt\/wp-json\/wp\/v2\/pages\/1677"}],"collection":[{"href":"https:\/\/www.hno-luxenberger.at\/facharzt\/wp-json\/wp\/v2\/pages"}],"about":[{"href":"https:\/\/www.hno-luxenberger.at\/facharzt\/wp-json\/wp\/v2\/types\/page"}],"author":[{"embeddable":true,"href":"https:\/\/www.hno-luxenberger.at\/facharzt\/wp-json\/wp\/v2\/users\/1"}],"replies":[{"embeddable":true,"href":"https:\/\/www.hno-luxenberger.at\/facharzt\/wp-json\/wp\/v2\/comments?post=1677"}],"version-history":[{"count":73,"href":"https:\/\/www.hno-luxenberger.at\/facharzt\/wp-json\/wp\/v2\/pages\/1677\/revisions"}],"predecessor-version":[{"id":2169,"href":"https:\/\/www.hno-luxenberger.at\/facharzt\/wp-json\/wp\/v2\/pages\/1677\/revisions\/2169"}],"wp:attachment":[{"href":"https:\/\/www.hno-luxenberger.at\/facharzt\/wp-json\/wp\/v2\/media?parent=1677"}],"curies":[{"name":"wp","href":"https:\/\/api.w.org\/{rel}","templated":true}]}}