{"id":29,"date":"2016-09-06T14:14:57","date_gmt":"2016-09-06T12:14:57","guid":{"rendered":"http:\/\/www.hno-luxenberger.at\/facharzt\/?page_id=29"},"modified":"2019-01-06T11:12:21","modified_gmt":"2019-01-06T10:12:21","slug":"impressum","status":"publish","type":"page","link":"https:\/\/www.hno-luxenberger.at\/facharzt\/impressum\/","title":{"rendered":"Impressum"},"content":{"rendered":"<div  class='flex_column av-52is1-ffcb194e4799190924533d5d57b646c8 av_one_half  avia-builder-el-0  el_before_av_one_full  avia-builder-el-first  first flex_column_div  '     ><section  class='av_textblock_section av-4ouc9-ffd471b5d00f62a2cd4ddece055a0ce5 '   itemscope=\"itemscope\" itemtype=\"https:\/\/schema.org\/CreativeWork\" ><div class='avia_textblock'  itemprop=\"text\" ><p>Medieninhaber und Herausgeber<br \/>\nHNO Facharzt<br \/>\nDoz. Dr. Wolfgang Luxenberger<\/p>\n<p>Parkweg 6<br \/>\n8130 Frohnleiten<br \/>\nTelefon: +43 3126 \/ 4411<br \/>\nWeb: www.hno-luxenberger.at<br \/>\nSteuernummer:<br \/>\nUSt-ID: ATU 56457122<br \/>\nFirmenbuchnummer:<br \/>\nFN410656g<\/p>\n<\/div><\/section><\/div><div  class='flex_column av-41j7x-c23a1e630a21f94280c095ec380a1c51 av_one_full  avia-builder-el-2  el_after_av_one_half  el_before_av_one_full  first flex_column_div  column-top-margin'     ><section  class='av_textblock_section av-3ev3d-a56d3c06a9d20f9e6c198a6c60445066 '   itemscope=\"itemscope\" itemtype=\"https:\/\/schema.org\/CreativeWork\" ><div class='avia_textblock'  itemprop=\"text\" ><p>COPYRIGHT<\/p>\n<p>Der Inhalt dieser Seiten ist grunds\u00e4tzlich urheberrechtlich gesch\u00fctzt. Bei \u00fcber den pers\u00f6nlichen Gebrauch hinausgehender Verwendung (Ver\u00f6ffentlichung, Vervielf\u00e4ltigung, Weitergabe an Dritte, Abdruck in Medien) ist Herr Doz. Dr. Wolfgang Luxenberger als Urheber zu zitieren.<\/p>\n<p>Alle Informationen erfolgen nach bestem Wissen und Gewissen sowie aktuellem Kenntnisstand. F\u00fcr Fehler kann aber keine Haftung \u00fcbernommen werden. In diesem Zusammenhang wird darauf verwiesen, dass das gesamte Informationsangebot laufend aktualisiert wird.<\/p>\n<\/div><\/section><\/div><\/p>\n<div  class='flex_column av-2vpw9-65fb84141ef45eb43ab02556c563bbd4 av_one_full  avia-builder-el-4  el_after_av_one_full  el_before_av_one_full  first flex_column_div  column-top-margin'     ><section  class='av_textblock_section av-208y5-501eb681c130936e80aaefbfac98a298 '   itemscope=\"itemscope\" itemtype=\"https:\/\/schema.org\/CreativeWork\" ><div class='avia_textblock'  itemprop=\"text\" ><p>Rechtswirksamkeit dieses Haftungsausschlusses<\/p>\n<p>Dieser Haftungsausschluss ist als Teil des Internetangebotes zu betrachten, von dem aus auf diese Seite verwiesen wurde. Sofern Teile oder einzelne Formulierungen dieses Textes der geltenden Rechtslage nicht, nicht mehr oder nicht vollst\u00e4ndig entsprechen sollten, bleiben die \u00fcbrigen Teile des Dokumentes in ihrem Inhalt und ihrer G\u00fcltigkeit davon unber\u00fchrt.<\/p>\n<\/div><\/section><\/div>\n<div  class='flex_column av-1ligx-ab7be1337b5035c9386659f821fe97e8 av_one_full  avia-builder-el-6  el_after_av_one_full  avia-builder-el-last  first flex_column_div  column-top-margin'     ><section  class='av_textblock_section av-st25-3ade26c3ad33dbdbb35544249d626760 '   itemscope=\"itemscope\" itemtype=\"https:\/\/schema.org\/CreativeWork\" ><div class='avia_textblock'  itemprop=\"text\" ><p>Verweise und Links<\/p>\n<p>Bei direkten oder indirekten Verweisen auf fremde Webseiten (\u201cHyperlinks\u201d), die au\u00dferhalb des Verantwortungsbereiches des Autors liegen, w\u00fcrde eine Haftungsverpflichtung ausschlie\u00dflich in dem Fall in Kraft treten, in dem der Autor von den Inhalten Kenntnis hat und es ihm technisch m\u00f6glich und zumutbar w\u00e4re, die Nutzung im Falle rechtswidriger Inhalte zu verhindern.<\/p>\n<p>Der Autor erkl\u00e4rt hiermit ausdr\u00fccklich, dass zum Zeitpunkt der Linksetzung keine illegalen Inhalte auf den zu verlinkenden Seiten erkennbar waren. Auf die aktuelle und zuk\u00fcnftige Gestaltung, die Inhalte oder die Urheberschaft der verlinkten\/verkn\u00fcpften Seiten hat der Autor keinerlei Einfluss. Deshalb distanziert er sich hiermit ausdr\u00fccklich von allen Inhalten aller verlinkten\/verkn\u00fcpften Seiten, die nach der Linksetzung ver\u00e4ndert wurden. Diese Feststellung gilt f\u00fcr alle innerhalb des eigenen Internetangebotes gesetzten Links und Verweise sowie f\u00fcr Fremdeintr\u00e4ge in vom Autor eingerichteten G\u00e4steb\u00fcchern, Diskussionsforen, Linkverzeichnissen, Mailinglisten und in allen anderen Formen von Datenbanken, auf deren Inhalt externe Schreibzugriffe m\u00f6glich sind. F\u00fcr illegale, fehlerhafte oder unvollst\u00e4ndige Inhalte und insbesondere f\u00fcr Sch\u00e4den, die aus der Nutzung oder Nichtnutzung solcherart dargebotener Informationen entstehen, haftet allein der Anbieter der Seite, auf welche verwiesen wurde, nicht derjenige, der \u00fcber Links auf die jeweilige Ver\u00f6ffentlichung lediglich verweist.<\/p>\n<\/div><\/section><\/div>\n","protected":false},"excerpt":{"rendered":"","protected":false},"author":1,"featured_media":0,"parent":0,"menu_order":0,"comment_status":"closed","ping_status":"closed","template":"","meta":{"footnotes":""},"yoast_head":"<!-- This site is optimized with the Yoast SEO plugin v24.5 - https:\/\/yoast.com\/wordpress\/plugins\/seo\/ -->\n<title>Impressum - HNO Arzt Doz. Dr. Wolfgang Luxenberger<\/title>\n<meta name=\"description\" content=\"HNO Arzt Frohnleiten Doz. Dr. Wolfgang Luxenberger Tel. +43 3126 \/ 4411, 8130 Frohnleiten - Parkweg 6, (N\u00e4he Graz). Privat und alle Kassen\" \/>\n<meta name=\"robots\" content=\"index, follow, max-snippet:-1, max-image-preview:large, max-video-preview:-1\" \/>\n<link rel=\"canonical\" href=\"https:\/\/www.hno-luxenberger.at\/facharzt\/impressum\/\" \/>\n<meta property=\"og:locale\" content=\"de_DE\" \/>\n<meta property=\"og:type\" content=\"article\" \/>\n<meta property=\"og:title\" content=\"Impressum - HNO Arzt Doz. Dr. Wolfgang Luxenberger\" \/>\n<meta property=\"og:description\" content=\"HNO Arzt Frohnleiten Doz. Dr. Wolfgang Luxenberger Tel. +43 3126 \/ 4411, 8130 Frohnleiten - Parkweg 6, (N\u00e4he Graz). Privat und alle Kassen\" \/>\n<meta property=\"og:url\" content=\"https:\/\/www.hno-luxenberger.at\/facharzt\/impressum\/\" \/>\n<meta property=\"og:site_name\" content=\"HNO Arzt Doz. Dr. Wolfgang Luxenberger\" \/>\n<meta property=\"article:modified_time\" content=\"2019-01-06T10:12:21+00:00\" \/>\n<meta name=\"twitter:card\" content=\"summary_large_image\" \/>\n<meta name=\"twitter:label1\" content=\"Gesch\u00e4tzte Lesezeit\" \/>\n\t<meta name=\"twitter:data1\" content=\"2\u00a0Minuten\" \/>\n<script type=\"application\/ld+json\" class=\"yoast-schema-graph\">{\"@context\":\"https:\/\/schema.org\",\"@graph\":[{\"@type\":\"WebPage\",\"@id\":\"https:\/\/www.hno-luxenberger.at\/facharzt\/impressum\/\",\"url\":\"https:\/\/www.hno-luxenberger.at\/facharzt\/impressum\/\",\"name\":\"Impressum - HNO Arzt Doz. Dr. Wolfgang Luxenberger\",\"isPartOf\":{\"@id\":\"https:\/\/www.hno-luxenberger.at\/facharzt\/#website\"},\"datePublished\":\"2016-09-06T12:14:57+00:00\",\"dateModified\":\"2019-01-06T10:12:21+00:00\",\"description\":\"HNO Arzt Frohnleiten Doz. Dr. Wolfgang Luxenberger Tel. +43 3126 \/ 4411, 8130 Frohnleiten - Parkweg 6, (N\u00e4he Graz). Privat und alle Kassen\",\"breadcrumb\":{\"@id\":\"https:\/\/www.hno-luxenberger.at\/facharzt\/impressum\/#breadcrumb\"},\"inLanguage\":\"de\",\"potentialAction\":[{\"@type\":\"ReadAction\",\"target\":[\"https:\/\/www.hno-luxenberger.at\/facharzt\/impressum\/\"]}]},{\"@type\":\"BreadcrumbList\",\"@id\":\"https:\/\/www.hno-luxenberger.at\/facharzt\/impressum\/#breadcrumb\",\"itemListElement\":[{\"@type\":\"ListItem\",\"position\":1,\"name\":\"Startseite\",\"item\":\"https:\/\/www.hno-luxenberger.at\/facharzt\/\"},{\"@type\":\"ListItem\",\"position\":2,\"name\":\"Impressum\"}]},{\"@type\":\"WebSite\",\"@id\":\"https:\/\/www.hno-luxenberger.at\/facharzt\/#website\",\"url\":\"https:\/\/www.hno-luxenberger.at\/facharzt\/\",\"name\":\"HNO Arzt Doz. Dr. Wolfgang Luxenberger\",\"description\":\"ihr HNO Facharzt in Frohnleiten (n\u00e4he Graz). Privat und alle Kassen\",\"potentialAction\":[{\"@type\":\"SearchAction\",\"target\":{\"@type\":\"EntryPoint\",\"urlTemplate\":\"https:\/\/www.hno-luxenberger.at\/facharzt\/?s={search_term_string}\"},\"query-input\":{\"@type\":\"PropertyValueSpecification\",\"valueRequired\":true,\"valueName\":\"search_term_string\"}}],\"inLanguage\":\"de\"}]}<\/script>\n<!-- \/ Yoast SEO plugin. -->","yoast_head_json":{"title":"Impressum - HNO Arzt Doz. Dr. Wolfgang Luxenberger","description":"HNO Arzt Frohnleiten Doz. Dr. Wolfgang Luxenberger Tel. +43 3126 \/ 4411, 8130 Frohnleiten - Parkweg 6, (N\u00e4he Graz). Privat und alle Kassen","robots":{"index":"index","follow":"follow","max-snippet":"max-snippet:-1","max-image-preview":"max-image-preview:large","max-video-preview":"max-video-preview:-1"},"canonical":"https:\/\/www.hno-luxenberger.at\/facharzt\/impressum\/","og_locale":"de_DE","og_type":"article","og_title":"Impressum - HNO Arzt Doz. Dr. Wolfgang Luxenberger","og_description":"HNO Arzt Frohnleiten Doz. Dr. Wolfgang Luxenberger Tel. +43 3126 \/ 4411, 8130 Frohnleiten - Parkweg 6, (N\u00e4he Graz). Privat und alle Kassen","og_url":"https:\/\/www.hno-luxenberger.at\/facharzt\/impressum\/","og_site_name":"HNO Arzt Doz. Dr. Wolfgang Luxenberger","article_modified_time":"2019-01-06T10:12:21+00:00","twitter_card":"summary_large_image","twitter_misc":{"Gesch\u00e4tzte Lesezeit":"2\u00a0Minuten"},"schema":{"@context":"https:\/\/schema.org","@graph":[{"@type":"WebPage","@id":"https:\/\/www.hno-luxenberger.at\/facharzt\/impressum\/","url":"https:\/\/www.hno-luxenberger.at\/facharzt\/impressum\/","name":"Impressum - HNO Arzt Doz. Dr. Wolfgang Luxenberger","isPartOf":{"@id":"https:\/\/www.hno-luxenberger.at\/facharzt\/#website"},"datePublished":"2016-09-06T12:14:57+00:00","dateModified":"2019-01-06T10:12:21+00:00","description":"HNO Arzt Frohnleiten Doz. Dr. Wolfgang Luxenberger Tel. +43 3126 \/ 4411, 8130 Frohnleiten - Parkweg 6, (N\u00e4he Graz). Privat und alle Kassen","breadcrumb":{"@id":"https:\/\/www.hno-luxenberger.at\/facharzt\/impressum\/#breadcrumb"},"inLanguage":"de","potentialAction":[{"@type":"ReadAction","target":["https:\/\/www.hno-luxenberger.at\/facharzt\/impressum\/"]}]},{"@type":"BreadcrumbList","@id":"https:\/\/www.hno-luxenberger.at\/facharzt\/impressum\/#breadcrumb","itemListElement":[{"@type":"ListItem","position":1,"name":"Startseite","item":"https:\/\/www.hno-luxenberger.at\/facharzt\/"},{"@type":"ListItem","position":2,"name":"Impressum"}]},{"@type":"WebSite","@id":"https:\/\/www.hno-luxenberger.at\/facharzt\/#website","url":"https:\/\/www.hno-luxenberger.at\/facharzt\/","name":"HNO Arzt Doz. Dr. Wolfgang Luxenberger","description":"ihr HNO Facharzt in Frohnleiten (n\u00e4he Graz). Privat und alle Kassen","potentialAction":[{"@type":"SearchAction","target":{"@type":"EntryPoint","urlTemplate":"https:\/\/www.hno-luxenberger.at\/facharzt\/?s={search_term_string}"},"query-input":{"@type":"PropertyValueSpecification","valueRequired":true,"valueName":"search_term_string"}}],"inLanguage":"de"}]}},"publishpress_future_action":{"enabled":false,"date":"2026-04-14 00:15:33","action":"change-status","newStatus":"draft","terms":[],"taxonomy":""},"publishpress_future_workflow_manual_trigger":{"enabledWorkflows":[]},"_links":{"self":[{"href":"https:\/\/www.hno-luxenberger.at\/facharzt\/wp-json\/wp\/v2\/pages\/29"}],"collection":[{"href":"https:\/\/www.hno-luxenberger.at\/facharzt\/wp-json\/wp\/v2\/pages"}],"about":[{"href":"https:\/\/www.hno-luxenberger.at\/facharzt\/wp-json\/wp\/v2\/types\/page"}],"author":[{"embeddable":true,"href":"https:\/\/www.hno-luxenberger.at\/facharzt\/wp-json\/wp\/v2\/users\/1"}],"replies":[{"embeddable":true,"href":"https:\/\/www.hno-luxenberger.at\/facharzt\/wp-json\/wp\/v2\/comments?post=29"}],"version-history":[{"count":17,"href":"https:\/\/www.hno-luxenberger.at\/facharzt\/wp-json\/wp\/v2\/pages\/29\/revisions"}],"predecessor-version":[{"id":1650,"href":"https:\/\/www.hno-luxenberger.at\/facharzt\/wp-json\/wp\/v2\/pages\/29\/revisions\/1650"}],"wp:attachment":[{"href":"https:\/\/www.hno-luxenberger.at\/facharzt\/wp-json\/wp\/v2\/media?parent=29"}],"curies":[{"name":"wp","href":"https:\/\/api.w.org\/{rel}","templated":true}]}}