{"id":880,"date":"2016-11-07T10:00:36","date_gmt":"2016-11-07T09:00:36","guid":{"rendered":"http:\/\/www.hno-luxenberger.at\/facharzt\/?page_id=880"},"modified":"2016-11-30T14:01:45","modified_gmt":"2016-11-30T13:01:45","slug":"news","status":"publish","type":"page","link":"https:\/\/www.hno-luxenberger.at\/facharzt\/news\/","title":{"rendered":"News"},"content":{"rendered":"<div   class='avia-fullscreen-slider main_color   avia-builder-el-0  el_before_av_one_full  avia-builder-el-first  container_wrap sidebar_right'  ><a href='#next-section' title='' class='scroll-down-link av-control-hidden' aria-hidden='true' data-av_icon='\ue877' data-av_iconfont='entypo-fontello'><\/a><div  class='avia-slideshow av-av_fullscreen-286d868f32ad6965037fe947683d90df avia-slideshow-no scaling av_fullscreen avia-fade-slider av-slideshow-ui av-control-hidden av-no-slider-navigation av-hide-nav-arrows av-slideshow-manual av-loop-once av-loop-manual-endless av-slider-scroll-down-active av-default-height-applied   avia-slideshow-1' data-slideshow-options=\"{&quot;animation&quot;:&quot;fade&quot;,&quot;autoplay&quot;:false,&quot;loop_autoplay&quot;:&quot;once&quot;,&quot;interval&quot;:5,&quot;loop_manual&quot;:&quot;manual-endless&quot;,&quot;autoplay_stopper&quot;:false,&quot;noNavigation&quot;:true,&quot;bg_slider&quot;:true,&quot;keep_padding&quot;:false,&quot;hoverpause&quot;:false,&quot;show_slide_delay&quot;:0,&quot;slide_height&quot;:&quot;100&quot;,&quot;image_attachment&quot;:&quot;&quot;}\"  itemprop=\"image\" itemscope=\"itemscope\" itemtype=\"https:\/\/schema.org\/ImageObject\" ><ul class='avia-slideshow-inner ' style='padding-bottom: 56.25%;'><li style='background-position:top left;' data-img-url='https:\/\/www.hno-luxenberger.at\/facharzt\/wp-content\/uploads\/2016\/11\/HNO-News-Luxenberger.jpg' class='avia-slideshow-slide av-av_fullscreen-286d868f32ad6965037fe947683d90df__0  av-single-slide slide-1 slide-odd'><div data-rel='slideshow-1' class='avia-slide-wrap '   ><div class='av-section-color-overlay' style='opacity: 0.5; background-color: #a0a0a0; '><\/div><\/div><\/li><\/ul><div class='av-slideshow-caption av-av_fullscreen-286d868f32ad6965037fe947683d90df__0 caption_fullwidth caption_left caption_left_framed caption_framed'><div class=\"container caption_container\"><div class=\"slideshow_caption\"><div class=\"slideshow_inner_caption\"><div class=\"slideshow_align_caption\"><h2 class='avia-caption-title '  itemprop=\"name\" >HNO Frohnleiten NEWS<\/h2><div class='avia-caption-content '  itemprop=\"description\" ><p>Doz. Dr. Luxenberger<\/p>\n<\/div><\/div><\/div><\/div><\/div><\/div><\/div><\/div><div id='after_full_slider_1'  class='main_color av_default_container_wrap container_wrap sidebar_right'  ><div class='container av-section-cont-open' ><div class='template-page content  av-content-small alpha units'><div class='post-entry post-entry-type-page post-entry-880'><div class='entry-content-wrapper clearfix'>\n\n<style type=\"text\/css\" data-created_by=\"avia_inline_auto\" id=\"style-css-av-av_one_full-2dd016fe894871012e01dbfc5ca45812\">\n.flex_column.av-av_one_full-2dd016fe894871012e01dbfc5ca45812{\nborder-width:1px;\nborder-color:#e5e5e5;\nborder-style:solid;\nborder-radius:20px 20px 20px 20px;\npadding:30px 30px 30px 30px;\nbackground-color:rgba(244,244,244,0.32);\n}\n<\/style>\n<div  class='flex_column av-av_one_full-2dd016fe894871012e01dbfc5ca45812 av_one_full  avia-builder-el-1  el_after_av_fullscreen  avia-builder-el-no-sibling  news-luxe first flex_column_div av-animated-generic bottom-to-top  '     ><div  class='av-alb-blogposts template-blog  av-blog-meta-author-disabled av-blog-meta-comments-disabled av-blog-meta-category-disabled av-blog-meta-html-info-disabled av-blog-meta-tag-disabled '  itemscope=\"itemscope\" itemtype=\"https:\/\/schema.org\/Blog\" ><article class=\"post-entry post-entry-type-standard post-entry-1470 post-loop-1 post-parity-odd single-small  post-1470 post type-post status-publish format-standard hentry category-allgemein\"  itemscope=\"itemscope\" itemtype=\"https:\/\/schema.org\/BlogPosting\" ><div class=\"blog-meta\"><a href='https:\/\/www.hno-luxenberger.at\/facharzt\/2017\/03\/18\/hno-facharztpruefung-bahrain\/' class='small-preview'  title=\"Europ\u00e4ischen HNO Facharztpr\u00fcfung in Bahrain\"   itemprop=\"image\" itemscope=\"itemscope\" itemtype=\"https:\/\/schema.org\/ImageObject\" ><span class=\"iconfont\" aria-hidden='true' data-av_icon='\ue836' data-av_iconfont='entypo-fontello'><\/span><\/a><\/div><div class='entry-content-wrapper clearfix standard-content'><header class=\"entry-content-header\"><h2 class='post-title entry-title '  itemprop=\"headline\" ><a href=\"https:\/\/www.hno-luxenberger.at\/facharzt\/2017\/03\/18\/hno-facharztpruefung-bahrain\/\" rel=\"bookmark\" title=\"Permanenter Link zu: Europ\u00e4ischen HNO Facharztpr\u00fcfung in Bahrain\">Europ\u00e4ischen HNO Facharztpr\u00fcfung in Bahrain<span class=\"post-format-icon minor-meta\"><\/span><\/a><\/h2><span class=\"post-meta-infos\"><time class=\"date-container minor-meta updated\"  itemprop=\"datePublished\" datetime=\"2017-03-18T10:41:06+01:00\" >18. M\u00e4rz 2017<\/time><\/span><\/header><div class=\"entry-content\"  itemprop=\"text\" ><p><img loading=\"lazy\" decoding=\"async\" class=\"aligncenter size-full wp-image-1473\" src=\"http:\/\/www.hno-luxenberger.at\/facharzt\/wp-content\/uploads\/2017\/09\/Bahrein.jpg\" alt=\"\" width=\"500\" height=\"435\" srcset=\"https:\/\/www.hno-luxenberger.at\/facharzt\/wp-content\/uploads\/2017\/09\/Bahrein.jpg 500w, https:\/\/www.hno-luxenberger.at\/facharzt\/wp-content\/uploads\/2017\/09\/Bahrein-300x261.jpg 300w, https:\/\/www.hno-luxenberger.at\/facharzt\/wp-content\/uploads\/2017\/09\/Bahrein-450x392.jpg 450w\" sizes=\"(max-width: 500px) 100vw, 500px\" \/><br \/>\nEmpfang einer Delegation der <strong>Europ\u00e4ischen Facharztpr\u00fcfungskommission<\/strong> (Prof. Pedersen, Prof Albegger und PD <strong>Luxenberger<\/strong>) beim\u00a0<span class=\"\">Supreme Council of Health in Bahrain. Der Vorsitzende des Councils<\/span><span class=\"\">\u00a0Lieutenant General Shaikh Mohammed bin Abdullah Al Khalifa hatte zur Abhaltung einer Europ\u00e4ischen HNO Facharztpr\u00fcfung in <strong>Bahrain<\/strong> eingeladen.<\/span><\/p>\n<\/div><footer class=\"entry-footer\"><\/footer><div class='post_delimiter'><\/div><\/div><div class=\"post_author_timeline\"><\/div><span class='hidden'>\n\t\t\t\t<span class='av-structured-data'  itemprop=\"image\" itemscope=\"itemscope\" itemtype=\"https:\/\/schema.org\/ImageObject\" >\n\t\t\t\t\t\t<span itemprop='url'><\/span>\n\t\t\t\t\t\t<span itemprop='height'>0<\/span>\n\t\t\t\t\t\t<span itemprop='width'>0<\/span>\n\t\t\t\t<\/span>\n\t\t\t\t<span class='av-structured-data'  itemprop=\"publisher\" itemtype=\"https:\/\/schema.org\/Organization\" itemscope=\"itemscope\" >\n\t\t\t\t\t\t<span itemprop='name'>uwe<\/span>\n\t\t\t\t\t\t<span itemprop='logo' itemscope itemtype='https:\/\/schema.org\/ImageObject'>\n\t\t\t\t\t\t\t<span itemprop='url'><\/span>\n\t\t\t\t\t\t<\/span>\n\t\t\t\t<\/span><span class='av-structured-data'  itemprop=\"author\" itemscope=\"itemscope\" itemtype=\"https:\/\/schema.org\/Person\" ><span itemprop='name'>uwe<\/span><\/span><span class='av-structured-data'  itemprop=\"datePublished\" datetime=\"2017-03-18T10:41:06+01:00\" >2017-03-18 10:41:06<\/span><span class='av-structured-data'  itemprop=\"dateModified\" itemtype=\"https:\/\/schema.org\/dateModified\" >2017-09-12 10:59:55<\/span><span class='av-structured-data'  itemprop=\"mainEntityOfPage\" itemtype=\"https:\/\/schema.org\/mainEntityOfPage\" ><span itemprop='name'>Europ\u00e4ischen HNO Facharztpr\u00fcfung in Bahrain<\/span><\/span><\/span><\/article><article class=\"post-entry post-entry-type-standard post-entry-1212 post-loop-2 post-parity-even post-entry-last single-small  post-1212 post type-post status-publish format-standard hentry category-allgemein\"  itemscope=\"itemscope\" itemtype=\"https:\/\/schema.org\/BlogPosting\" ><div class=\"blog-meta\"><a href='https:\/\/www.hno-luxenberger.at\/facharzt\/2017\/01\/06\/european-board-examination-in-otorhinolaryngology-head-and-neck-surgery\/' class='small-preview'  title=\"European Board Examination in Otorhinolaryngology, Head and Neck Surgery\"   itemprop=\"image\" itemscope=\"itemscope\" itemtype=\"https:\/\/schema.org\/ImageObject\" ><span class=\"iconfont\" aria-hidden='true' data-av_icon='\ue836' data-av_iconfont='entypo-fontello'><\/span><\/a><\/div><div class='entry-content-wrapper clearfix standard-content'><header class=\"entry-content-header\"><h2 class='post-title entry-title '  itemprop=\"headline\" ><a href=\"https:\/\/www.hno-luxenberger.at\/facharzt\/2017\/01\/06\/european-board-examination-in-otorhinolaryngology-head-and-neck-surgery\/\" rel=\"bookmark\" title=\"Permanenter Link zu: European Board Examination in Otorhinolaryngology, Head and Neck Surgery\">European Board Examination in Otorhinolaryngology, Head and Neck Surgery<span class=\"post-format-icon minor-meta\"><\/span><\/a><\/h2><span class=\"post-meta-infos\"><time class=\"date-container minor-meta updated\"  itemprop=\"datePublished\" datetime=\"2017-01-06T17:55:14+01:00\" >6. Januar 2017<\/time><\/span><\/header><div class=\"entry-content\"  itemprop=\"text\" ><p><img loading=\"lazy\" decoding=\"async\" class=\"size-medium wp-image-1213 aligncenter\" src=\"http:\/\/www.hno-luxenberger.at\/facharzt\/wp-content\/uploads\/2017\/01\/ebeorl-2016-300x285.jpg\" alt=\"als Pr\u00fcfer bei der Europ\u00e4ischen HNO-Facharztpr\u00fcfung\" width=\"300\" height=\"285\" srcset=\"https:\/\/www.hno-luxenberger.at\/facharzt\/wp-content\/uploads\/2017\/01\/ebeorl-2016-300x285.jpg 300w, https:\/\/www.hno-luxenberger.at\/facharzt\/wp-content\/uploads\/2017\/01\/ebeorl-2016-768x729.jpg 768w, https:\/\/www.hno-luxenberger.at\/facharzt\/wp-content\/uploads\/2017\/01\/ebeorl-2016-705x669.jpg 705w, https:\/\/www.hno-luxenberger.at\/facharzt\/wp-content\/uploads\/2017\/01\/ebeorl-2016-450x427.jpg 450w, https:\/\/www.hno-luxenberger.at\/facharzt\/wp-content\/uploads\/2017\/01\/ebeorl-2016.jpg 800w\" sizes=\"(max-width: 300px) 100vw, 300px\" \/><\/p>\n<p style=\"text-align: center;\">2016 Wahl zum Vizepr\u00e4sidenten der<br \/>\nEurop\u00e4ischen HNO Facharztpr\u00fcfungskommission<\/p>\n<\/div><footer class=\"entry-footer\"><\/footer><div class='post_delimiter'><\/div><\/div><div class=\"post_author_timeline\"><\/div><span class='hidden'>\n\t\t\t\t<span class='av-structured-data'  itemprop=\"image\" itemscope=\"itemscope\" itemtype=\"https:\/\/schema.org\/ImageObject\" >\n\t\t\t\t\t\t<span itemprop='url'><\/span>\n\t\t\t\t\t\t<span itemprop='height'>0<\/span>\n\t\t\t\t\t\t<span itemprop='width'>0<\/span>\n\t\t\t\t<\/span>\n\t\t\t\t<span class='av-structured-data'  itemprop=\"publisher\" itemtype=\"https:\/\/schema.org\/Organization\" itemscope=\"itemscope\" >\n\t\t\t\t\t\t<span itemprop='name'>Wolfgang Luxenberger<\/span>\n\t\t\t\t\t\t<span itemprop='logo' itemscope itemtype='https:\/\/schema.org\/ImageObject'>\n\t\t\t\t\t\t\t<span itemprop='url'><\/span>\n\t\t\t\t\t\t<\/span>\n\t\t\t\t<\/span><span class='av-structured-data'  itemprop=\"author\" itemscope=\"itemscope\" itemtype=\"https:\/\/schema.org\/Person\" ><span itemprop='name'>Wolfgang Luxenberger<\/span><\/span><span class='av-structured-data'  itemprop=\"datePublished\" datetime=\"2017-01-06T17:55:14+01:00\" >2017-01-06 17:55:14<\/span><span class='av-structured-data'  itemprop=\"dateModified\" itemtype=\"https:\/\/schema.org\/dateModified\" >2017-09-12 11:00:57<\/span><span class='av-structured-data'  itemprop=\"mainEntityOfPage\" itemtype=\"https:\/\/schema.org\/mainEntityOfPage\" ><span itemprop='name'>European Board Examination in Otorhinolaryngology, Head and Neck Surgery<\/span><\/span><\/span><\/article><div class='single-small'><\/div><\/div><\/div>\n","protected":false},"excerpt":{"rendered":"","protected":false},"author":1,"featured_media":0,"parent":0,"menu_order":0,"comment_status":"closed","ping_status":"closed","template":"","meta":{"footnotes":""},"yoast_head":"<!-- This site is optimized with the Yoast SEO plugin v24.5 - https:\/\/yoast.com\/wordpress\/plugins\/seo\/ -->\n<title>News - HNO Arzt Doz. Dr. Wolfgang Luxenberger<\/title>\n<meta name=\"description\" content=\"HNO Arzt Frohnleiten Doz. Dr. Wolfgang Luxenberger Tel. +43 3126 \/ 4411, 8130 Frohnleiten - Parkweg 6, (N\u00e4he Graz). Privat und alle Kassen\" \/>\n<meta name=\"robots\" content=\"index, follow, max-snippet:-1, max-image-preview:large, max-video-preview:-1\" \/>\n<link rel=\"canonical\" href=\"https:\/\/www.hno-luxenberger.at\/facharzt\/news\/\" \/>\n<meta property=\"og:locale\" content=\"de_DE\" \/>\n<meta property=\"og:type\" content=\"article\" \/>\n<meta property=\"og:title\" content=\"News - HNO Arzt Doz. Dr. Wolfgang Luxenberger\" \/>\n<meta property=\"og:description\" content=\"HNO Arzt Frohnleiten Doz. Dr. Wolfgang Luxenberger Tel. +43 3126 \/ 4411, 8130 Frohnleiten - Parkweg 6, (N\u00e4he Graz). Privat und alle Kassen\" \/>\n<meta property=\"og:url\" content=\"https:\/\/www.hno-luxenberger.at\/facharzt\/news\/\" \/>\n<meta property=\"og:site_name\" content=\"HNO Arzt Doz. Dr. Wolfgang Luxenberger\" \/>\n<meta property=\"article:modified_time\" content=\"2016-11-30T13:01:45+00:00\" \/>\n<meta name=\"twitter:card\" content=\"summary_large_image\" \/>\n<meta name=\"twitter:label1\" content=\"Gesch\u00e4tzte Lesezeit\" \/>\n\t<meta name=\"twitter:data1\" content=\"1\u00a0Minute\" \/>\n<script type=\"application\/ld+json\" class=\"yoast-schema-graph\">{\"@context\":\"https:\/\/schema.org\",\"@graph\":[{\"@type\":\"WebPage\",\"@id\":\"https:\/\/www.hno-luxenberger.at\/facharzt\/news\/\",\"url\":\"https:\/\/www.hno-luxenberger.at\/facharzt\/news\/\",\"name\":\"News - HNO Arzt Doz. Dr. Wolfgang Luxenberger\",\"isPartOf\":{\"@id\":\"https:\/\/www.hno-luxenberger.at\/facharzt\/#website\"},\"datePublished\":\"2016-11-07T09:00:36+00:00\",\"dateModified\":\"2016-11-30T13:01:45+00:00\",\"description\":\"HNO Arzt Frohnleiten Doz. Dr. Wolfgang Luxenberger Tel. +43 3126 \/ 4411, 8130 Frohnleiten - Parkweg 6, (N\u00e4he Graz). Privat und alle Kassen\",\"breadcrumb\":{\"@id\":\"https:\/\/www.hno-luxenberger.at\/facharzt\/news\/#breadcrumb\"},\"inLanguage\":\"de\",\"potentialAction\":[{\"@type\":\"ReadAction\",\"target\":[\"https:\/\/www.hno-luxenberger.at\/facharzt\/news\/\"]}]},{\"@type\":\"BreadcrumbList\",\"@id\":\"https:\/\/www.hno-luxenberger.at\/facharzt\/news\/#breadcrumb\",\"itemListElement\":[{\"@type\":\"ListItem\",\"position\":1,\"name\":\"Startseite\",\"item\":\"https:\/\/www.hno-luxenberger.at\/facharzt\/\"},{\"@type\":\"ListItem\",\"position\":2,\"name\":\"News\"}]},{\"@type\":\"WebSite\",\"@id\":\"https:\/\/www.hno-luxenberger.at\/facharzt\/#website\",\"url\":\"https:\/\/www.hno-luxenberger.at\/facharzt\/\",\"name\":\"HNO Arzt Doz. Dr. Wolfgang Luxenberger\",\"description\":\"ihr HNO Facharzt in Frohnleiten (n\u00e4he Graz). Privat und alle Kassen\",\"potentialAction\":[{\"@type\":\"SearchAction\",\"target\":{\"@type\":\"EntryPoint\",\"urlTemplate\":\"https:\/\/www.hno-luxenberger.at\/facharzt\/?s={search_term_string}\"},\"query-input\":{\"@type\":\"PropertyValueSpecification\",\"valueRequired\":true,\"valueName\":\"search_term_string\"}}],\"inLanguage\":\"de\"}]}<\/script>\n<!-- \/ Yoast SEO plugin. -->","yoast_head_json":{"title":"News - HNO Arzt Doz. Dr. Wolfgang Luxenberger","description":"HNO Arzt Frohnleiten Doz. Dr. Wolfgang Luxenberger Tel. +43 3126 \/ 4411, 8130 Frohnleiten - Parkweg 6, (N\u00e4he Graz). Privat und alle Kassen","robots":{"index":"index","follow":"follow","max-snippet":"max-snippet:-1","max-image-preview":"max-image-preview:large","max-video-preview":"max-video-preview:-1"},"canonical":"https:\/\/www.hno-luxenberger.at\/facharzt\/news\/","og_locale":"de_DE","og_type":"article","og_title":"News - HNO Arzt Doz. Dr. Wolfgang Luxenberger","og_description":"HNO Arzt Frohnleiten Doz. Dr. Wolfgang Luxenberger Tel. +43 3126 \/ 4411, 8130 Frohnleiten - Parkweg 6, (N\u00e4he Graz). Privat und alle Kassen","og_url":"https:\/\/www.hno-luxenberger.at\/facharzt\/news\/","og_site_name":"HNO Arzt Doz. Dr. Wolfgang Luxenberger","article_modified_time":"2016-11-30T13:01:45+00:00","twitter_card":"summary_large_image","twitter_misc":{"Gesch\u00e4tzte Lesezeit":"1\u00a0Minute"},"schema":{"@context":"https:\/\/schema.org","@graph":[{"@type":"WebPage","@id":"https:\/\/www.hno-luxenberger.at\/facharzt\/news\/","url":"https:\/\/www.hno-luxenberger.at\/facharzt\/news\/","name":"News - HNO Arzt Doz. Dr. Wolfgang Luxenberger","isPartOf":{"@id":"https:\/\/www.hno-luxenberger.at\/facharzt\/#website"},"datePublished":"2016-11-07T09:00:36+00:00","dateModified":"2016-11-30T13:01:45+00:00","description":"HNO Arzt Frohnleiten Doz. Dr. Wolfgang Luxenberger Tel. +43 3126 \/ 4411, 8130 Frohnleiten - Parkweg 6, (N\u00e4he Graz). Privat und alle Kassen","breadcrumb":{"@id":"https:\/\/www.hno-luxenberger.at\/facharzt\/news\/#breadcrumb"},"inLanguage":"de","potentialAction":[{"@type":"ReadAction","target":["https:\/\/www.hno-luxenberger.at\/facharzt\/news\/"]}]},{"@type":"BreadcrumbList","@id":"https:\/\/www.hno-luxenberger.at\/facharzt\/news\/#breadcrumb","itemListElement":[{"@type":"ListItem","position":1,"name":"Startseite","item":"https:\/\/www.hno-luxenberger.at\/facharzt\/"},{"@type":"ListItem","position":2,"name":"News"}]},{"@type":"WebSite","@id":"https:\/\/www.hno-luxenberger.at\/facharzt\/#website","url":"https:\/\/www.hno-luxenberger.at\/facharzt\/","name":"HNO Arzt Doz. Dr. Wolfgang Luxenberger","description":"ihr HNO Facharzt in Frohnleiten (n\u00e4he Graz). Privat und alle Kassen","potentialAction":[{"@type":"SearchAction","target":{"@type":"EntryPoint","urlTemplate":"https:\/\/www.hno-luxenberger.at\/facharzt\/?s={search_term_string}"},"query-input":{"@type":"PropertyValueSpecification","valueRequired":true,"valueName":"search_term_string"}}],"inLanguage":"de"}]}},"publishpress_future_action":{"enabled":false,"date":"2026-04-27 13:45:08","action":"change-status","newStatus":"draft","terms":[],"taxonomy":""},"publishpress_future_workflow_manual_trigger":{"enabledWorkflows":[]},"_links":{"self":[{"href":"https:\/\/www.hno-luxenberger.at\/facharzt\/wp-json\/wp\/v2\/pages\/880"}],"collection":[{"href":"https:\/\/www.hno-luxenberger.at\/facharzt\/wp-json\/wp\/v2\/pages"}],"about":[{"href":"https:\/\/www.hno-luxenberger.at\/facharzt\/wp-json\/wp\/v2\/types\/page"}],"author":[{"embeddable":true,"href":"https:\/\/www.hno-luxenberger.at\/facharzt\/wp-json\/wp\/v2\/users\/1"}],"replies":[{"embeddable":true,"href":"https:\/\/www.hno-luxenberger.at\/facharzt\/wp-json\/wp\/v2\/comments?post=880"}],"version-history":[{"count":62,"href":"https:\/\/www.hno-luxenberger.at\/facharzt\/wp-json\/wp\/v2\/pages\/880\/revisions"}],"predecessor-version":[{"id":1127,"href":"https:\/\/www.hno-luxenberger.at\/facharzt\/wp-json\/wp\/v2\/pages\/880\/revisions\/1127"}],"wp:attachment":[{"href":"https:\/\/www.hno-luxenberger.at\/facharzt\/wp-json\/wp\/v2\/media?parent=880"}],"curies":[{"name":"wp","href":"https:\/\/api.w.org\/{rel}","templated":true}]}}